{"id":279,"date":"2024-07-24T20:54:53","date_gmt":"2024-07-24T18:54:53","guid":{"rendered":"http:\/\/localhost\/doormax\/home-espanol\/"},"modified":"2025-04-10T15:05:50","modified_gmt":"2025-04-10T21:05:50","slug":"home-espanol","status":"publish","type":"page","link":"https:\/\/garage-doormax.com\/?page_id=279&lang=es","title":{"rendered":"home &#8211; Espa\u00f1ol"},"content":{"rendered":"\t\t<div data-elementor-type=\"wp-page\" data-elementor-id=\"279\" class=\"elementor elementor-279\">\n\t\t\t\t<div class=\"elementor-element elementor-element-9481837 e-con-full e-flex e-con e-parent\" data-id=\"9481837\" data-element_type=\"container\">\n\t\t\t\t<div class=\"elementor-element elementor-element-c8224e2 elementor-arrows-position-inside elementor-pagination-position-outside elementor-widget elementor-widget-image-carousel\" data-id=\"c8224e2\" data-element_type=\"widget\" data-settings=\"{&quot;slides_to_show&quot;:&quot;1&quot;,&quot;navigation&quot;:&quot;both&quot;,&quot;autoplay&quot;:&quot;yes&quot;,&quot;pause_on_hover&quot;:&quot;yes&quot;,&quot;pause_on_interaction&quot;:&quot;yes&quot;,&quot;autoplay_speed&quot;:5000,&quot;infinite&quot;:&quot;yes&quot;,&quot;effect&quot;:&quot;slide&quot;,&quot;speed&quot;:500}\" data-widget_type=\"image-carousel.default\">\n\t\t\t\t<div class=\"elementor-widget-container\">\n\t\t\t\t\t<div class=\"elementor-image-carousel-wrapper swiper\" dir=\"ltr\">\n\t\t\t<div class=\"elementor-image-carousel swiper-wrapper\" aria-live=\"off\">\n\t\t\t\t\t\t\t\t<div class=\"swiper-slide\" role=\"group\" aria-roledescription=\"slide\" aria-label=\"1 de 1\"><figure class=\"swiper-slide-inner\"><img decoding=\"async\" class=\"swiper-slide-image\" src=\"https:\/\/garage-doormax.com\/wp-content\/uploads\/2024\/07\/banner_doormax.webp\" alt=\"Doormax\" \/><\/figure><\/div>\t\t\t<\/div>\n\t\t\t\t\t<\/div>\n\t\t\t\t<\/div>\n\t\t\t\t<\/div>\n\t\t\t\t<\/div>\n\t\t<div class=\"elementor-element elementor-element-84b4158 e-flex e-con-boxed e-con e-parent\" data-id=\"84b4158\" data-element_type=\"container\">\n\t\t\t\t\t<div class=\"e-con-inner\">\n\t\t\t\t<div class=\"elementor-element elementor-element-faf8e7e elementor-widget elementor-widget-text-editor\" data-id=\"faf8e7e\" data-element_type=\"widget\" data-widget_type=\"text-editor.default\">\n\t\t\t\t<div class=\"elementor-widget-container\">\n\t\t\t\t\t\t\t<p>\u00bfEst\u00e1 construyendo o renovando la casa de sus sue\u00f1os? La puerta de su garaje es fundamental para la apariencia de su hogar y puede definir su estilo y ambiente. A\u00edsle su puerta de garaje y aumente la eficiencia energ\u00e9tica, la comodidad y el valor general de su hogar.<\/p>\t\t\t\t\t\t<\/div>\n\t\t\t\t<\/div>\n\t\t\t\t\t<\/div>\n\t\t\t\t<\/div>\n\t\t<div class=\"elementor-element elementor-element-bc825d2 e-flex e-con-boxed e-con e-parent\" data-id=\"bc825d2\" data-element_type=\"container\">\n\t\t\t\t\t<div class=\"e-con-inner\">\n\t\t\t\t<div class=\"elementor-element elementor-element-94833df elementor-widget elementor-widget-heading\" data-id=\"94833df\" data-element_type=\"widget\" data-widget_type=\"heading.default\">\n\t\t\t\t<div class=\"elementor-widget-container\">\n\t\t\t<h2 class=\"elementor-heading-title elementor-size-default\">Elige tu tipo de puerta<\/h2>\t\t<\/div>\n\t\t\t\t<\/div>\n\t\t<div class=\"elementor-element elementor-element-3ee6d42 e-grid e-con-full e-con e-child\" data-id=\"3ee6d42\" data-element_type=\"container\">\n\t\t<div class=\"elementor-element elementor-element-10c5697 e-con-full e-flex e-con e-child\" data-id=\"10c5697\" data-element_type=\"container\">\n\t\t\t\t<div class=\"elementor-element elementor-element-97fde17 elementor-invisible elementor-widget elementor-widget-image\" data-id=\"97fde17\" data-element_type=\"widget\" data-settings=\"{&quot;_animation&quot;:&quot;fadeIn&quot;}\" data-widget_type=\"image.default\">\n\t\t\t\t<div class=\"elementor-widget-container\">\n\t\t\t\t\t\t\t\t\t\t\t\t\t<img fetchpriority=\"high\" decoding=\"async\" width=\"605\" height=\"676\" src=\"https:\/\/garage-doormax.com\/wp-content\/uploads\/2024\/07\/Residential-Garage-Door-Doormax-1.webp\" class=\"attachment-full size-full wp-image-97\" alt=\"Residential Garage Door - Doormax\" srcset=\"https:\/\/garage-doormax.com\/wp-content\/uploads\/2024\/07\/Residential-Garage-Door-Doormax-1.webp 605w, https:\/\/garage-doormax.com\/wp-content\/uploads\/2024\/07\/Residential-Garage-Door-Doormax-1-600x670.webp 600w, https:\/\/garage-doormax.com\/wp-content\/uploads\/2024\/07\/Residential-Garage-Door-Doormax-1-268x300.webp 268w\" sizes=\"(max-width: 605px) 100vw, 605px\" \/>\t\t\t\t\t\t\t\t\t\t\t\t\t<\/div>\n\t\t\t\t<\/div>\n\t\t\t\t<div class=\"elementor-element elementor-element-f31446e animated-slow elementor-invisible elementor-widget elementor-widget-heading\" data-id=\"f31446e\" data-element_type=\"widget\" data-settings=\"{&quot;_animation&quot;:&quot;fadeIn&quot;}\" data-widget_type=\"heading.default\">\n\t\t\t\t<div class=\"elementor-widget-container\">\n\t\t\t<h2 class=\"elementor-heading-title elementor-size-default\"><a href=\"\/?product_cat=portones-residenciales-es&#038;lang=es\">Puerta de garaje residencial<\/a><\/h2>\t\t<\/div>\n\t\t\t\t<\/div>\n\t\t\t\t<\/div>\n\t\t<div class=\"elementor-element elementor-element-aa23ef9 e-con-full e-flex e-con e-child\" data-id=\"aa23ef9\" data-element_type=\"container\">\n\t\t\t\t<div class=\"elementor-element elementor-element-5ef3fe0 elementor-invisible elementor-widget elementor-widget-image\" data-id=\"5ef3fe0\" data-element_type=\"widget\" data-settings=\"{&quot;_animation&quot;:&quot;fadeIn&quot;}\" data-widget_type=\"image.default\">\n\t\t\t\t<div class=\"elementor-widget-container\">\n\t\t\t\t\t\t\t\t\t\t\t\t\t<img decoding=\"async\" width=\"605\" height=\"676\" src=\"https:\/\/garage-doormax.com\/wp-content\/uploads\/2024\/07\/Residential-Garage-Door-Doormax_.webp\" class=\"attachment-full size-full wp-image-101\" alt=\"\" srcset=\"https:\/\/garage-doormax.com\/wp-content\/uploads\/2024\/07\/Residential-Garage-Door-Doormax_.webp 605w, https:\/\/garage-doormax.com\/wp-content\/uploads\/2024\/07\/Residential-Garage-Door-Doormax_-600x670.webp 600w, https:\/\/garage-doormax.com\/wp-content\/uploads\/2024\/07\/Residential-Garage-Door-Doormax_-268x300.webp 268w\" sizes=\"(max-width: 605px) 100vw, 605px\" \/>\t\t\t\t\t\t\t\t\t\t\t\t\t<\/div>\n\t\t\t\t<\/div>\n\t\t\t\t<div class=\"elementor-element elementor-element-92fbeec animated-slow elementor-invisible elementor-widget elementor-widget-heading\" data-id=\"92fbeec\" data-element_type=\"widget\" data-settings=\"{&quot;_animation&quot;:&quot;fadeIn&quot;}\" data-widget_type=\"heading.default\">\n\t\t\t\t<div class=\"elementor-widget-container\">\n\t\t\t<h2 class=\"elementor-heading-title elementor-size-default\"><a href=\"\/?product_cat=comercial&#038;lang=es\">Puerta de garaje comercial<\/a><\/h2>\t\t<\/div>\n\t\t\t\t<\/div>\n\t\t\t\t<\/div>\n\t\t<div class=\"elementor-element elementor-element-4f484d0 e-con-full e-flex e-con e-child\" data-id=\"4f484d0\" data-element_type=\"container\">\n\t\t\t\t<div class=\"elementor-element elementor-element-f3dbfa5 elementor-invisible elementor-widget elementor-widget-image\" data-id=\"f3dbfa5\" data-element_type=\"widget\" data-settings=\"{&quot;_animation&quot;:&quot;fadeIn&quot;}\" data-widget_type=\"image.default\">\n\t\t\t\t<div class=\"elementor-widget-container\">\n\t\t\t\t\t\t\t\t\t\t\t\t\t<img decoding=\"async\" width=\"605\" height=\"676\" src=\"https:\/\/garage-doormax.com\/wp-content\/uploads\/2024\/07\/Entry-Door-Doormax.webp\" class=\"attachment-full size-full wp-image-93\" alt=\"Entry Door\" srcset=\"https:\/\/garage-doormax.com\/wp-content\/uploads\/2024\/07\/Entry-Door-Doormax.webp 605w, https:\/\/garage-doormax.com\/wp-content\/uploads\/2024\/07\/Entry-Door-Doormax-600x670.webp 600w, https:\/\/garage-doormax.com\/wp-content\/uploads\/2024\/07\/Entry-Door-Doormax-268x300.webp 268w\" sizes=\"(max-width: 605px) 100vw, 605px\" \/>\t\t\t\t\t\t\t\t\t\t\t\t\t<\/div>\n\t\t\t\t<\/div>\n\t\t\t\t<div class=\"elementor-element elementor-element-384d110 animated-slow elementor-invisible elementor-widget elementor-widget-heading\" data-id=\"384d110\" data-element_type=\"widget\" data-settings=\"{&quot;_animation&quot;:&quot;fadeIn&quot;}\" data-widget_type=\"heading.default\">\n\t\t\t\t<div class=\"elementor-widget-container\">\n\t\t\t<h2 class=\"elementor-heading-title elementor-size-default\">Puerta de entrada<\/h2>\t\t<\/div>\n\t\t\t\t<\/div>\n\t\t\t\t<\/div>\n\t\t\t\t<\/div>\n\t\t\t\t\t<\/div>\n\t\t\t\t<\/div>\n\t\t<div class=\"elementor-element elementor-element-3116464 e-flex e-con-boxed elementor-invisible e-con e-parent\" data-id=\"3116464\" data-element_type=\"container\" data-settings=\"{&quot;background_background&quot;:&quot;classic&quot;,&quot;animation&quot;:&quot;fadeIn&quot;}\">\n\t\t\t\t\t<div class=\"e-con-inner\">\n\t\t\t\t<div class=\"elementor-element elementor-element-8483bd3 elementor-align-left elementor-absolute elementor-widget elementor-widget-button\" data-id=\"8483bd3\" data-element_type=\"widget\" data-settings=\"{&quot;_position&quot;:&quot;absolute&quot;}\" data-widget_type=\"button.default\">\n\t\t\t\t<div class=\"elementor-widget-container\">\n\t\t\t\t\t<div class=\"elementor-button-wrapper\">\n\t\t\t<a class=\"elementor-button elementor-button-link elementor-size-sm\" href=\"#\">\n\t\t\t\t\t\t<span class=\"elementor-button-content-wrapper\">\n\t\t\t\t\t\t\t\t\t<span class=\"elementor-button-text\">VER M\u00c1S<\/span>\n\t\t\t\t\t<\/span>\n\t\t\t\t\t<\/a>\n\t\t<\/div>\n\t\t\t\t<\/div>\n\t\t\t\t<\/div>\n\t\t\t\t\t<\/div>\n\t\t\t\t<\/div>\n\t\t<div class=\"elementor-element elementor-element-4c9afac e-flex e-con-boxed elementor-invisible e-con e-parent\" data-id=\"4c9afac\" data-element_type=\"container\" data-settings=\"{&quot;background_background&quot;:&quot;classic&quot;,&quot;animation&quot;:&quot;fadeIn&quot;}\">\n\t\t\t\t\t<div class=\"e-con-inner\">\n\t\t\t\t<div class=\"elementor-element elementor-element-4cc23d5 elementor-absolute elementor-invisible elementor-widget elementor-widget-heading\" data-id=\"4cc23d5\" data-element_type=\"widget\" data-settings=\"{&quot;_position&quot;:&quot;absolute&quot;,&quot;_animation&quot;:&quot;bounce&quot;}\" data-widget_type=\"heading.default\">\n\t\t\t\t<div class=\"elementor-widget-container\">\n\t\t\t<h2 class=\"elementor-heading-title elementor-size-default\">Durabilidad, confiabilidad y bajo mantenimiento.<\/h2>\t\t<\/div>\n\t\t\t\t<\/div>\n\t\t\t\t\t<\/div>\n\t\t\t\t<\/div>\n\t\t<div class=\"elementor-element elementor-element-b28ee45 e-flex e-con-boxed e-con e-parent\" data-id=\"b28ee45\" data-element_type=\"container\" data-settings=\"{&quot;background_background&quot;:&quot;classic&quot;}\">\n\t\t\t\t\t<div class=\"e-con-inner\">\n\t\t\t\t\t<\/div>\n\t\t\t\t<\/div>\n\t\t<div class=\"elementor-element elementor-element-b6a6a07 e-flex e-con-boxed e-con e-parent\" data-id=\"b6a6a07\" data-element_type=\"container\" data-settings=\"{&quot;background_background&quot;:&quot;classic&quot;}\">\n\t\t\t\t\t<div class=\"e-con-inner\">\n\t\t\t\t<div class=\"elementor-element elementor-element-2f4d4b4 elementor-widget elementor-widget-heading\" data-id=\"2f4d4b4\" data-element_type=\"widget\" data-widget_type=\"heading.default\">\n\t\t\t\t<div class=\"elementor-widget-container\">\n\t\t\t<h4 class=\"elementor-heading-title elementor-size-default\">CONT\u00c1CTANOS<\/h4>\t\t<\/div>\n\t\t\t\t<\/div>\n\t\t\t\t<div class=\"elementor-element elementor-element-ee6812e elementor-widget elementor-widget-htmega-contactform-addons\" data-id=\"ee6812e\" data-element_type=\"widget\" data-widget_type=\"htmega-contactform-addons.default\">\n\t\t\t\t<div class=\"elementor-widget-container\">\n\t\t\t            <div class=\"htmega-form-wrapper htmega-form-style-6\" >\n                \n<div class=\"wpcf7 no-js\" id=\"wpcf7-f149-o1\" lang=\"es-ES\" dir=\"ltr\">\n<div class=\"screen-reader-response\"><p role=\"status\" aria-live=\"polite\" aria-atomic=\"true\"><\/p> <ul><\/ul><\/div>\n<form action=\"\/index.php?rest_route=%2Fwp%2Fv2%2Fpages%2F279#wpcf7-f149-o1\" method=\"post\" class=\"wpcf7-form init\" aria-label=\"Formulario de contacto\" novalidate=\"novalidate\" data-status=\"init\">\n<div style=\"display: none;\">\n<input type=\"hidden\" name=\"_wpcf7\" value=\"149\" \/>\n<input type=\"hidden\" name=\"_wpcf7_version\" value=\"5.9.8\" \/>\n<input type=\"hidden\" name=\"_wpcf7_locale\" value=\"es_ES\" \/>\n<input type=\"hidden\" name=\"_wpcf7_unit_tag\" value=\"wpcf7-f149-o1\" \/>\n<input type=\"hidden\" name=\"_wpcf7_container_post\" value=\"0\" \/>\n<input type=\"hidden\" name=\"_wpcf7_posted_data_hash\" value=\"\" \/>\n<\/div>\n<p><span class=\"wpcf7-form-control-wrap\" data-name=\"your-name\"><input size=\"40\" maxlength=\"400\" class=\"wpcf7-form-control wpcf7-text wpcf7-validates-as-required\" autocomplete=\"name\" aria-required=\"true\" aria-invalid=\"false\" placeholder=\"name\" value=\"\" type=\"text\" name=\"your-name\" \/><\/span>\n<\/p>\n<p><span class=\"wpcf7-form-control-wrap\" data-name=\"your-email\"><input size=\"40\" maxlength=\"400\" class=\"wpcf7-form-control wpcf7-email wpcf7-validates-as-required wpcf7-text wpcf7-validates-as-email\" autocomplete=\"email\" aria-required=\"true\" aria-invalid=\"false\" placeholder=\"email\" value=\"\" type=\"email\" name=\"your-email\" \/><\/span>\n<\/p>\n<p><span class=\"wpcf7-form-control-wrap\" data-name=\"cellphone\"><input size=\"40\" maxlength=\"400\" class=\"wpcf7-form-control wpcf7-tel wpcf7-validates-as-required wpcf7-text wpcf7-validates-as-tel\" aria-required=\"true\" aria-invalid=\"false\" placeholder=\"cellphone\" value=\"\" type=\"tel\" name=\"cellphone\" \/><\/span>\n<\/p>\n<p><span class=\"wpcf7-form-control-wrap\" data-name=\"your-message\"><textarea cols=\"40\" rows=\"10\" maxlength=\"2000\" class=\"wpcf7-form-control wpcf7-textarea wpcf7-validates-as-required\" aria-required=\"true\" aria-invalid=\"false\" placeholder=\"message\" name=\"your-message\"><\/textarea><\/span>\n<\/p>\n<p><input class=\"wpcf7-form-control wpcf7-submit has-spinner\" type=\"submit\" value=\"submit\" \/>\n<\/p><div class=\"wpcf7-response-output\" aria-hidden=\"true\"><\/div>\n<\/form>\n<\/div>\n            <\/div>\n\n        \t\t<\/div>\n\t\t\t\t<\/div>\n\t\t\t\t\t<\/div>\n\t\t\t\t<\/div>\n\t\t\t\t<\/div>\n\t\t","protected":false},"excerpt":{"rendered":"<p>\u00bfEst\u00e1 construyendo o renovando la casa de sus sue\u00f1os? La puerta de su garaje es fundamental para la apariencia de su hogar y puede definir su estilo y ambiente. A\u00edsle su puerta de garaje y aumente la eficiencia energ\u00e9tica, la comodidad y el valor general de su hogar. Elige tu tipo de puerta Puerta de [&hellip;]<\/p>\n","protected":false},"author":1,"featured_media":0,"parent":0,"menu_order":0,"comment_status":"closed","ping_status":"closed","template":"","meta":{"footnotes":""},"class_list":["post-279","page","type-page","status-publish","hentry"],"_links":{"self":[{"href":"https:\/\/garage-doormax.com\/index.php?rest_route=\/wp\/v2\/pages\/279"}],"collection":[{"href":"https:\/\/garage-doormax.com\/index.php?rest_route=\/wp\/v2\/pages"}],"about":[{"href":"https:\/\/garage-doormax.com\/index.php?rest_route=\/wp\/v2\/types\/page"}],"author":[{"embeddable":true,"href":"https:\/\/garage-doormax.com\/index.php?rest_route=\/wp\/v2\/users\/1"}],"replies":[{"embeddable":true,"href":"https:\/\/garage-doormax.com\/index.php?rest_route=%2Fwp%2Fv2%2Fcomments&post=279"}],"version-history":[{"count":21,"href":"https:\/\/garage-doormax.com\/index.php?rest_route=\/wp\/v2\/pages\/279\/revisions"}],"predecessor-version":[{"id":1133,"href":"https:\/\/garage-doormax.com\/index.php?rest_route=\/wp\/v2\/pages\/279\/revisions\/1133"}],"wp:attachment":[{"href":"https:\/\/garage-doormax.com\/index.php?rest_route=%2Fwp%2Fv2%2Fmedia&parent=279"}],"curies":[{"name":"wp","href":"https:\/\/api.w.org\/{rel}","templated":true}]}}