{"id":1091,"date":"2025-04-09T16:39:08","date_gmt":"2025-04-09T22:39:08","guid":{"rendered":"https:\/\/garage-doormax.com\/?post_type=product&#038;p=1091"},"modified":"2025-04-11T16:07:59","modified_gmt":"2025-04-11T22:07:59","slug":"flush-3","status":"publish","type":"product","link":"https:\/\/garage-doormax.com\/?product=flush-3&lang=es","title":{"rendered":"Flush"},"content":{"rendered":"","protected":false},"excerpt":{"rendered":"<p>La puerta de garaje de acero Doormax de panel liso y dise\u00f1o moderno est\u00e1 fabricada con materiales de la m\u00e1s alta calidad para garantizar una apariencia impecable. La puerta de garaje de acero de panel liso se puede personalizar en una amplia variedad de tama\u00f1os. Disponible como puerta de garaje aislante.<\/p>\n<p>Tipo: Puerta de garaje seccional de aluminio<br \/>\nMaterial: Aluminio<br \/>\nDimensiones: 3- 6 m<br \/>\nUsos: Garaje residencial<\/p>\n","protected":false},"featured_media":0,"comment_status":"closed","ping_status":"closed","template":"","meta":[],"product_cat":[39,47],"product_tag":[],"class_list":{"0":"post-1091","1":"product","2":"type-product","3":"status-publish","5":"product_cat-portones-residenciales-es","6":"product_cat-seccional-es","8":"first","9":"instock","10":"shipping-taxable","11":"product-type-simple"},"_links":{"self":[{"href":"https:\/\/garage-doormax.com\/index.php?rest_route=\/wp\/v2\/product\/1091"}],"collection":[{"href":"https:\/\/garage-doormax.com\/index.php?rest_route=\/wp\/v2\/product"}],"about":[{"href":"https:\/\/garage-doormax.com\/index.php?rest_route=\/wp\/v2\/types\/product"}],"replies":[{"embeddable":true,"href":"https:\/\/garage-doormax.com\/index.php?rest_route=%2Fwp%2Fv2%2Fcomments&post=1091"}],"wp:attachment":[{"href":"https:\/\/garage-doormax.com\/index.php?rest_route=%2Fwp%2Fv2%2Fmedia&parent=1091"}],"wp:term":[{"taxonomy":"product_cat","embeddable":true,"href":"https:\/\/garage-doormax.com\/index.php?rest_route=%2Fwp%2Fv2%2Fproduct_cat&post=1091"},{"taxonomy":"product_tag","embeddable":true,"href":"https:\/\/garage-doormax.com\/index.php?rest_route=%2Fwp%2Fv2%2Fproduct_tag&post=1091"}],"curies":[{"name":"wp","href":"https:\/\/api.w.org\/{rel}","templated":true}]}}