{"id":1201,"date":"2025-04-10T18:16:03","date_gmt":"2025-04-11T00:16:03","guid":{"rendered":"https:\/\/garage-doormax.com\/?post_type=product&#038;p=1201"},"modified":"2025-04-11T07:25:55","modified_gmt":"2025-04-11T13:25:55","slug":"angular-horizontal","status":"publish","type":"product","link":"https:\/\/garage-doormax.com\/?product=angular-horizontal&lang=es","title":{"rendered":"Angular Horizontal"},"content":{"rendered":"","protected":false},"excerpt":{"rendered":"<p>Perfectamente dise\u00f1ada para su uso en aplicaciones de puertas de garaje, esta versi\u00f3n de nuestro \u00e1ngulo laminado proporciona soporte y flexibilidad superiores.<\/p>\n","protected":false},"featured_media":604,"comment_status":"closed","ping_status":"closed","template":"","meta":[],"product_cat":[46,44,45],"product_tag":[],"class_list":{"0":"post-1201","1":"product","2":"type-product","3":"status-publish","4":"has-post-thumbnail","6":"product_cat-herrajes-extension-es-es","7":"product_cat-herrajes-es","8":"product_cat-herrajes-torsion-es","10":"first","11":"instock","12":"shipping-taxable","13":"product-type-simple"},"_links":{"self":[{"href":"https:\/\/garage-doormax.com\/index.php?rest_route=\/wp\/v2\/product\/1201"}],"collection":[{"href":"https:\/\/garage-doormax.com\/index.php?rest_route=\/wp\/v2\/product"}],"about":[{"href":"https:\/\/garage-doormax.com\/index.php?rest_route=\/wp\/v2\/types\/product"}],"replies":[{"embeddable":true,"href":"https:\/\/garage-doormax.com\/index.php?rest_route=%2Fwp%2Fv2%2Fcomments&post=1201"}],"wp:featuredmedia":[{"embeddable":true,"href":"https:\/\/garage-doormax.com\/index.php?rest_route=\/wp\/v2\/media\/604"}],"wp:attachment":[{"href":"https:\/\/garage-doormax.com\/index.php?rest_route=%2Fwp%2Fv2%2Fmedia&parent=1201"}],"wp:term":[{"taxonomy":"product_cat","embeddable":true,"href":"https:\/\/garage-doormax.com\/index.php?rest_route=%2Fwp%2Fv2%2Fproduct_cat&post=1201"},{"taxonomy":"product_tag","embeddable":true,"href":"https:\/\/garage-doormax.com\/index.php?rest_route=%2Fwp%2Fv2%2Fproduct_tag&post=1201"}],"curies":[{"name":"wp","href":"https:\/\/api.w.org\/{rel}","templated":true}]}}