{"id":1204,"date":"2025-04-10T18:30:23","date_gmt":"2025-04-11T00:30:23","guid":{"rendered":"https:\/\/garage-doormax.com\/?post_type=product&#038;p=1204"},"modified":"2025-04-10T18:32:12","modified_gmt":"2025-04-11T00:32:12","slug":"bases-inferiores-para-cable","status":"publish","type":"product","link":"https:\/\/garage-doormax.com\/?product=bases-inferiores-para-cable&lang=es","title":{"rendered":"Bases inferiores para cable"},"content":{"rendered":"","protected":false},"excerpt":{"rendered":"<p>Los soportes inferiores para puertas de garaje proporcionan un soporte resistente para fijar los cables de la puerta de garaje. Los soportes inferiores est\u00e1n hechos de acero galvanizado dise\u00f1ado para soportar la tensi\u00f3n extrema de los resortes de la puerta de garaje y se montan en la parte inferior de la puerta de garaje con sujetadores. Cuando el abridor de la puerta de garaje hace girar el eje de torsi\u00f3n, los tambores de cable envuelven los cables y los cables unidos a los soportes inferiores levantan la puerta.<\/p>\n","protected":false},"featured_media":598,"comment_status":"closed","ping_status":"closed","template":"","meta":[],"product_cat":[46,44,45],"product_tag":[],"class_list":{"0":"post-1204","1":"product","2":"type-product","3":"status-publish","4":"has-post-thumbnail","6":"product_cat-herrajes-extension-es-es","7":"product_cat-herrajes-es","8":"product_cat-herrajes-torsion-es","10":"first","11":"instock","12":"shipping-taxable","13":"product-type-simple"},"_links":{"self":[{"href":"https:\/\/garage-doormax.com\/index.php?rest_route=\/wp\/v2\/product\/1204"}],"collection":[{"href":"https:\/\/garage-doormax.com\/index.php?rest_route=\/wp\/v2\/product"}],"about":[{"href":"https:\/\/garage-doormax.com\/index.php?rest_route=\/wp\/v2\/types\/product"}],"replies":[{"embeddable":true,"href":"https:\/\/garage-doormax.com\/index.php?rest_route=%2Fwp%2Fv2%2Fcomments&post=1204"}],"wp:featuredmedia":[{"embeddable":true,"href":"https:\/\/garage-doormax.com\/index.php?rest_route=\/wp\/v2\/media\/598"}],"wp:attachment":[{"href":"https:\/\/garage-doormax.com\/index.php?rest_route=%2Fwp%2Fv2%2Fmedia&parent=1204"}],"wp:term":[{"taxonomy":"product_cat","embeddable":true,"href":"https:\/\/garage-doormax.com\/index.php?rest_route=%2Fwp%2Fv2%2Fproduct_cat&post=1204"},{"taxonomy":"product_tag","embeddable":true,"href":"https:\/\/garage-doormax.com\/index.php?rest_route=%2Fwp%2Fv2%2Fproduct_tag&post=1204"}],"curies":[{"name":"wp","href":"https:\/\/api.w.org\/{rel}","templated":true}]}}