{"id":1206,"date":"2025-04-10T18:34:25","date_gmt":"2025-04-11T00:34:25","guid":{"rendered":"https:\/\/garage-doormax.com\/?post_type=product&#038;p=1206"},"modified":"2025-04-10T18:35:23","modified_gmt":"2025-04-11T00:35:23","slug":"base-central-para-resorte","status":"publish","type":"product","link":"https:\/\/garage-doormax.com\/?product=base-central-para-resorte&lang=es","title":{"rendered":"Base Central para Resorte"},"content":{"rendered":"","protected":false},"excerpt":{"rendered":"<p>El par de soportes centrales para resortes de puertas de garaje es una soluci\u00f3n confiable para garantizar el funcionamiento suave y eficiente de su puerta de garaje. Estos soportes est\u00e1n dise\u00f1ados espec\u00edficamente para brindar un excelente soporte a los resortes, lo que promueve una alineaci\u00f3n y durabilidad \u00f3ptimas.<\/p>\n","protected":false},"featured_media":789,"comment_status":"closed","ping_status":"closed","template":"","meta":[],"product_cat":[44,45],"product_tag":[],"class_list":{"0":"post-1206","1":"product","2":"type-product","3":"status-publish","4":"has-post-thumbnail","6":"product_cat-herrajes-es","7":"product_cat-herrajes-torsion-es","9":"first","10":"instock","11":"shipping-taxable","12":"product-type-simple"},"_links":{"self":[{"href":"https:\/\/garage-doormax.com\/index.php?rest_route=\/wp\/v2\/product\/1206"}],"collection":[{"href":"https:\/\/garage-doormax.com\/index.php?rest_route=\/wp\/v2\/product"}],"about":[{"href":"https:\/\/garage-doormax.com\/index.php?rest_route=\/wp\/v2\/types\/product"}],"replies":[{"embeddable":true,"href":"https:\/\/garage-doormax.com\/index.php?rest_route=%2Fwp%2Fv2%2Fcomments&post=1206"}],"wp:featuredmedia":[{"embeddable":true,"href":"https:\/\/garage-doormax.com\/index.php?rest_route=\/wp\/v2\/media\/789"}],"wp:attachment":[{"href":"https:\/\/garage-doormax.com\/index.php?rest_route=%2Fwp%2Fv2%2Fmedia&parent=1206"}],"wp:term":[{"taxonomy":"product_cat","embeddable":true,"href":"https:\/\/garage-doormax.com\/index.php?rest_route=%2Fwp%2Fv2%2Fproduct_cat&post=1206"},{"taxonomy":"product_tag","embeddable":true,"href":"https:\/\/garage-doormax.com\/index.php?rest_route=%2Fwp%2Fv2%2Fproduct_tag&post=1206"}],"curies":[{"name":"wp","href":"https:\/\/api.w.org\/{rel}","templated":true}]}}