{"id":1207,"date":"2025-04-10T18:39:42","date_gmt":"2025-04-11T00:39:42","guid":{"rendered":"https:\/\/garage-doormax.com\/?post_type=product&#038;p=1207"},"modified":"2025-04-11T07:23:03","modified_gmt":"2025-04-11T13:23:03","slug":"bases-laterales-para-eje","status":"publish","type":"product","link":"https:\/\/garage-doormax.com\/?product=bases-laterales-para-eje&lang=es","title":{"rendered":"Bases Laterales para Eje"},"content":{"rendered":"","protected":false},"excerpt":{"rendered":"<p>Mejore el rendimiento de su puerta de garaje residencial con nuestra placa de apoyo para extremos de puerta de garaje. Dise\u00f1ada espec\u00edficamente para puertas normales de 9&#8242; y 20&#8242; de ancho con ensamblaje de torsi\u00f3n, esta placa de apoyo garantiza un soporte resistente y seguro. Fabricada en acero s\u00f3lido, presenta un acabado resistente al \u00f3xido para una durabilidad duradera.<\/p>\n","protected":false},"featured_media":782,"comment_status":"closed","ping_status":"closed","template":"","meta":[],"product_cat":[44,45],"product_tag":[],"class_list":{"0":"post-1207","1":"product","2":"type-product","3":"status-publish","4":"has-post-thumbnail","6":"product_cat-herrajes-es","7":"product_cat-herrajes-torsion-es","9":"first","10":"instock","11":"shipping-taxable","12":"product-type-simple"},"_links":{"self":[{"href":"https:\/\/garage-doormax.com\/index.php?rest_route=\/wp\/v2\/product\/1207"}],"collection":[{"href":"https:\/\/garage-doormax.com\/index.php?rest_route=\/wp\/v2\/product"}],"about":[{"href":"https:\/\/garage-doormax.com\/index.php?rest_route=\/wp\/v2\/types\/product"}],"replies":[{"embeddable":true,"href":"https:\/\/garage-doormax.com\/index.php?rest_route=%2Fwp%2Fv2%2Fcomments&post=1207"}],"wp:featuredmedia":[{"embeddable":true,"href":"https:\/\/garage-doormax.com\/index.php?rest_route=\/wp\/v2\/media\/782"}],"wp:attachment":[{"href":"https:\/\/garage-doormax.com\/index.php?rest_route=%2Fwp%2Fv2%2Fmedia&parent=1207"}],"wp:term":[{"taxonomy":"product_cat","embeddable":true,"href":"https:\/\/garage-doormax.com\/index.php?rest_route=%2Fwp%2Fv2%2Fproduct_cat&post=1207"},{"taxonomy":"product_tag","embeddable":true,"href":"https:\/\/garage-doormax.com\/index.php?rest_route=%2Fwp%2Fv2%2Fproduct_tag&post=1207"}],"curies":[{"name":"wp","href":"https:\/\/api.w.org\/{rel}","templated":true}]}}